{"id":94,"date":"2022-12-09T16:47:07","date_gmt":"2022-12-09T15:47:07","guid":{"rendered":"http:\/\/paolagentelle.com\/?page_id=94"},"modified":"2023-01-31T16:44:58","modified_gmt":"2023-01-31T15:44:58","slug":"a-propos","status":"publish","type":"page","link":"https:\/\/paolagentelle.com\/index.php\/a-propos\/","title":{"rendered":"A Propos"},"content":{"rendered":"\n<h2 class=\"alignwide has-text-align-center has-larger-font-size wp-block-heading\" style=\"text-transform:none\">La peinture, une porte ouverte sur l&rsquo;invisible<\/h2>\n\n\n\n<div class=\"wp-block-media-text alignwide is-stacked-on-mobile is-vertically-aligned-top\" style=\"grid-template-columns:28% auto\"><figure class=\"wp-block-media-text__media\"><img loading=\"lazy\" decoding=\"async\" width=\"714\" height=\"1024\" src=\"http:\/\/paolagentelle.com\/wp-content\/uploads\/2022\/12\/P1000311-714x1024.jpg\" alt=\"\" class=\"wp-image-111 size-full\" srcset=\"https:\/\/paolagentelle.com\/wp-content\/uploads\/2022\/12\/P1000311-714x1024.jpg 714w, https:\/\/paolagentelle.com\/wp-content\/uploads\/2022\/12\/P1000311-209x300.jpg 209w, https:\/\/paolagentelle.com\/wp-content\/uploads\/2022\/12\/P1000311-768x1102.jpg 768w, https:\/\/paolagentelle.com\/wp-content\/uploads\/2022\/12\/P1000311-1071x1536.jpg 1071w, https:\/\/paolagentelle.com\/wp-content\/uploads\/2022\/12\/P1000311-1428x2048.jpg 1428w, https:\/\/paolagentelle.com\/wp-content\/uploads\/2022\/12\/P1000311-1140x1635.jpg 1140w, https:\/\/paolagentelle.com\/wp-content\/uploads\/2022\/12\/P1000311.jpg 1445w\" sizes=\"auto, (max-width: 714px) 100vw, 714px\" \/><\/figure><div class=\"wp-block-media-text__content\">\n<p class=\"has-text-align-left\">Peindre c&rsquo;est \u00eatre en qu\u00eate perp\u00e9tuelle. Comment capter une \u00e9motion ? Comment habiter une toile blanche, avec quels trac\u00e9s, quelles couleurs, quelles mati\u00e8res ?<\/p>\n\n\n\n<p>Apr\u00e8s une premi\u00e8re vie domin\u00e9e par l&rsquo;\u00e9crit, je me suis consacr\u00e9e depuis une vingtaine d&rsquo;ann\u00e9e \u00e0 la peinture.<\/p>\n\n\n\n<p>Je me suis form\u00e9e dans des ateliers et lors des stages aux Beaux Arts de Paris et aux Arts D\u00e9coratifs.<\/p>\n\n\n\n<p>J&rsquo;ai particip\u00e9 \u00e0 plusieurs expositions collectives \u00e0 la Galerie de l&rsquo;Europe, rue de Seine (entre 2010 et 2022).<\/p>\n\n\n\n<p>Depuis 2005, j&rsquo;ai particip\u00e9 \u00e0 plusieurs expositions d&rsquo;ateliers ainsi qu&rsquo;aux Salons du Lion&rsquo;s Club \u00e0 Paris.<\/p>\n\n\n\n<p>J&rsquo;utilise diverses techniques &#8211; acrylique, huile, pigments, mortier, pastels&#8230; &#8211; J&rsquo;aime les m\u00ealer, cr\u00e9er des correspondances ou des contrastes. Je peins aussi bien sur des petits formats (huile sur papier) que sur des toiles de plus d&rsquo;un m\u00e8tre, selon mon envie du moment.<\/p>\n\n\n\n<p>Mon travail est marqu\u00e9 par mes longs s\u00e9jours en Asie, en Afrique, en Europe de l&rsquo;est et par mes origines italiennes qui m&rsquo;ont tr\u00e8s t\u00f4t donn\u00e9 l&rsquo;amour de la couleur et de la lumi\u00e8re.<\/p>\n\n\n\n<p class=\"has-text-align-left\">Je privil\u00e9gie les \u0153uvres abstraites tout en gardant un lien avec les \u00e9vocations d&rsquo;atmosph\u00e8res color\u00e9es, de paysages, de lieux imaginaires sortis de l&rsquo;inconscient et du r\u00eave.<\/p>\n<\/div><\/div>\n","protected":false},"excerpt":{"rendered":"<p>La peinture, une porte ouverte sur l&rsquo;invisible Peindre c&rsquo;est \u00eatre en qu\u00eate perp\u00e9tuelle. Comment capter une \u00e9motion ? Comment habiter une toile blanche, avec quels trac\u00e9s, quelles couleurs, quelles mati\u00e8res ? Apr\u00e8s une premi\u00e8re vie domin\u00e9e par l&rsquo;\u00e9crit, je me suis consacr\u00e9e depuis une vingtaine d&rsquo;ann\u00e9e \u00e0 la peinture. Je me suis form\u00e9e dans des&hellip; <a class=\"more-link\" href=\"https:\/\/paolagentelle.com\/index.php\/a-propos\/\">Poursuivre la lecture <span class=\"screen-reader-text\">A Propos<\/span><\/a><\/p>\n","protected":false},"author":1,"featured_media":0,"parent":0,"menu_order":0,"comment_status":"closed","ping_status":"closed","template":"","meta":{"footnotes":""},"class_list":["post-94","page","type-page","status-publish","hentry","entry"],"_links":{"self":[{"href":"https:\/\/paolagentelle.com\/index.php\/wp-json\/wp\/v2\/pages\/94","targetHints":{"allow":["GET"]}}],"collection":[{"href":"https:\/\/paolagentelle.com\/index.php\/wp-json\/wp\/v2\/pages"}],"about":[{"href":"https:\/\/paolagentelle.com\/index.php\/wp-json\/wp\/v2\/types\/page"}],"author":[{"embeddable":true,"href":"https:\/\/paolagentelle.com\/index.php\/wp-json\/wp\/v2\/users\/1"}],"replies":[{"embeddable":true,"href":"https:\/\/paolagentelle.com\/index.php\/wp-json\/wp\/v2\/comments?post=94"}],"version-history":[{"count":15,"href":"https:\/\/paolagentelle.com\/index.php\/wp-json\/wp\/v2\/pages\/94\/revisions"}],"predecessor-version":[{"id":295,"href":"https:\/\/paolagentelle.com\/index.php\/wp-json\/wp\/v2\/pages\/94\/revisions\/295"}],"wp:attachment":[{"href":"https:\/\/paolagentelle.com\/index.php\/wp-json\/wp\/v2\/media?parent=94"}],"curies":[{"name":"wp","href":"https:\/\/api.w.org\/{rel}","templated":true}]}}